{"id":11,"date":"2018-12-18T10:58:59","date_gmt":"2018-12-18T09:58:59","guid":{"rendered":"https:\/\/souslesmainsdelumie-reflexologie.fr\/?page_id=11"},"modified":"2022-10-25T10:38:38","modified_gmt":"2022-10-25T08:38:38","slug":"qui-suis-je","status":"publish","type":"page","link":"https:\/\/souslesmainsdelumie-reflexologie.fr\/index.php\/qui-suis-je\/","title":{"rendered":"Qui suis-je ?"},"content":{"rendered":"\t\t<div data-elementor-type=\"wp-post\" data-elementor-id=\"11\" class=\"elementor elementor-11\">\n\t\t\t\t\t\t<section class=\"elementor-section elementor-top-section elementor-element elementor-element-219b02f2 elementor-section-boxed elementor-section-height-default elementor-section-height-default\" data-id=\"219b02f2\" data-element_type=\"section\" data-e-type=\"section\">\n\t\t\t\t\t\t<div class=\"elementor-container elementor-column-gap-default\">\n\t\t\t\t\t<div class=\"elementor-column elementor-col-100 elementor-top-column elementor-element elementor-element-18da4668\" data-id=\"18da4668\" data-element_type=\"column\" data-e-type=\"column\">\n\t\t\t<div class=\"elementor-widget-wrap elementor-element-populated\">\n\t\t\t\t\t\t\t<\/div>\n\t\t<\/div>\n\t\t\t\t\t<\/div>\n\t\t<\/section>\n\t\t\t\t<section class=\"elementor-section elementor-top-section elementor-element elementor-element-83f90a6 elementor-section-stretched elementor-section-boxed elementor-section-height-default elementor-section-height-default\" data-id=\"83f90a6\" data-element_type=\"section\" data-e-type=\"section\" data-settings=\"{&quot;stretch_section&quot;:&quot;section-stretched&quot;,&quot;background_background&quot;:&quot;classic&quot;}\">\n\t\t\t\t\t\t<div class=\"elementor-container elementor-column-gap-default\">\n\t\t\t\t\t<div class=\"elementor-column elementor-col-100 elementor-top-column elementor-element elementor-element-8cf26bd\" data-id=\"8cf26bd\" data-element_type=\"column\" data-e-type=\"column\">\n\t\t\t<div class=\"elementor-widget-wrap elementor-element-populated\">\n\t\t\t\t\t\t<div class=\"elementor-element elementor-element-f829fbd elementor-widget elementor-widget-spacer\" data-id=\"f829fbd\" data-element_type=\"widget\" data-e-type=\"widget\" data-widget_type=\"spacer.default\">\n\t\t\t\t<div class=\"elementor-widget-container\">\n\t\t\t\t\t\t\t<div class=\"elementor-spacer\">\n\t\t\t<div class=\"elementor-spacer-inner\"><\/div>\n\t\t<\/div>\n\t\t\t\t\t\t<\/div>\n\t\t\t\t<\/div>\n\t\t\t\t<div class=\"elementor-element elementor-element-53b7a05 elementor-widget elementor-widget-heading\" data-id=\"53b7a05\" data-element_type=\"widget\" data-e-type=\"widget\" data-widget_type=\"heading.default\">\n\t\t\t\t<div class=\"elementor-widget-container\">\n\t\t\t\t\t<h2 class=\"elementor-heading-title elementor-size-default\">Qui suis-je?<\/h2>\t\t\t\t<\/div>\n\t\t\t\t<\/div>\n\t\t\t\t\t<\/div>\n\t\t<\/div>\n\t\t\t\t\t<\/div>\n\t\t<\/section>\n\t\t\t\t<section class=\"elementor-section elementor-top-section elementor-element elementor-element-19e5b22 elementor-section-boxed elementor-section-height-default elementor-section-height-default\" data-id=\"19e5b22\" data-element_type=\"section\" data-e-type=\"section\">\n\t\t\t\t\t\t<div class=\"elementor-container elementor-column-gap-default\">\n\t\t\t\t\t<div class=\"elementor-column elementor-col-100 elementor-top-column elementor-element elementor-element-8658edc\" data-id=\"8658edc\" data-element_type=\"column\" data-e-type=\"column\">\n\t\t\t<div class=\"elementor-widget-wrap elementor-element-populated\">\n\t\t\t\t\t\t<div class=\"elementor-element elementor-element-70dcc6e elementor-widget elementor-widget-spacer\" data-id=\"70dcc6e\" data-element_type=\"widget\" data-e-type=\"widget\" data-widget_type=\"spacer.default\">\n\t\t\t\t<div class=\"elementor-widget-container\">\n\t\t\t\t\t\t\t<div class=\"elementor-spacer\">\n\t\t\t<div class=\"elementor-spacer-inner\"><\/div>\n\t\t<\/div>\n\t\t\t\t\t\t<\/div>\n\t\t\t\t<\/div>\n\t\t\t\t\t<\/div>\n\t\t<\/div>\n\t\t\t\t\t<\/div>\n\t\t<\/section>\n\t\t\t\t<section class=\"elementor-section elementor-top-section elementor-element elementor-element-77f5f7c elementor-section-boxed elementor-section-height-default elementor-section-height-default\" data-id=\"77f5f7c\" data-element_type=\"section\" data-e-type=\"section\">\n\t\t\t\t\t\t<div class=\"elementor-container elementor-column-gap-default\">\n\t\t\t\t\t<div class=\"elementor-column elementor-col-50 elementor-top-column elementor-element elementor-element-9d82d9f\" data-id=\"9d82d9f\" data-element_type=\"column\" data-e-type=\"column\">\n\t\t\t<div class=\"elementor-widget-wrap elementor-element-populated\">\n\t\t\t\t\t\t<div class=\"elementor-element elementor-element-87a121f elementor-widget elementor-widget-image\" data-id=\"87a121f\" data-element_type=\"widget\" data-e-type=\"widget\" data-widget_type=\"image.default\">\n\t\t\t\t<div class=\"elementor-widget-container\">\n\t\t\t\t\t\t\t\t\t\t\t\t\t\t\t<img fetchpriority=\"high\" decoding=\"async\" width=\"300\" height=\"200\" src=\"https:\/\/souslesmainsdelumie-reflexologie.fr\/wp-content\/uploads\/2019\/02\/DSC_2757-300x200.jpg\" class=\"attachment-medium size-medium wp-image-201\" alt=\"\" srcset=\"https:\/\/souslesmainsdelumie-reflexologie.fr\/wp-content\/uploads\/2019\/02\/DSC_2757-300x200.jpg 300w, https:\/\/souslesmainsdelumie-reflexologie.fr\/wp-content\/uploads\/2019\/02\/DSC_2757-768x511.jpg 768w, https:\/\/souslesmainsdelumie-reflexologie.fr\/wp-content\/uploads\/2019\/02\/DSC_2757-1024x682.jpg 1024w, https:\/\/souslesmainsdelumie-reflexologie.fr\/wp-content\/uploads\/2019\/02\/DSC_2757-1140x759.jpg 1140w\" sizes=\"(max-width: 300px) 100vw, 300px\" \/>\t\t\t\t\t\t\t\t\t\t\t\t\t\t\t<\/div>\n\t\t\t\t<\/div>\n\t\t\t\t\t<\/div>\n\t\t<\/div>\n\t\t\t\t<div class=\"elementor-column elementor-col-50 elementor-top-column elementor-element elementor-element-0fc7fd0\" data-id=\"0fc7fd0\" data-element_type=\"column\" data-e-type=\"column\">\n\t\t\t<div class=\"elementor-widget-wrap elementor-element-populated\">\n\t\t\t\t\t\t<div class=\"elementor-element elementor-element-980f08d elementor-widget elementor-widget-text-editor\" data-id=\"980f08d\" data-element_type=\"widget\" data-e-type=\"widget\" data-widget_type=\"text-editor.default\">\n\t\t\t\t<div class=\"elementor-widget-container\">\n\t\t\t\t\t\t\t\t\t<p>Je suis praticienne en multi r\u00e9flexologies faciale et plantaire, ainsi qu&rsquo;en massage-bien-\u00eatre californien, amma et pratiques \u00e9nerg\u00e9tiques. J&rsquo;ai \u00e9t\u00e9 form\u00e9e au centre France R\u00e9flexologie &#8211; XO Campus \u00e0 Bron (69500) en 2016 en r\u00e9flexologie et en massage californien.<\/p><p>Afin de conna\u00eetre mes aspirations dans le domaine du bien-\u00eatre, je vous invite \u00e0 aller sur la rubrique \u00ab\u00a0mon parcours\u00a0\u00bb \u00ab\u00a0mes valeurs\u00a0\u00bb\u00a0<\/p>\t\t\t\t\t\t\t\t<\/div>\n\t\t\t\t<\/div>\n\t\t\t\t\t<\/div>\n\t\t<\/div>\n\t\t\t\t\t<\/div>\n\t\t<\/section>\n\t\t\t\t<section class=\"elementor-section elementor-top-section elementor-element elementor-element-9a5863c elementor-section-boxed elementor-section-height-default elementor-section-height-default\" data-id=\"9a5863c\" data-element_type=\"section\" data-e-type=\"section\">\n\t\t\t\t\t\t<div class=\"elementor-container elementor-column-gap-default\">\n\t\t\t\t\t<div class=\"elementor-column elementor-col-50 elementor-top-column elementor-element elementor-element-4273964\" data-id=\"4273964\" data-element_type=\"column\" data-e-type=\"column\">\n\t\t\t<div class=\"elementor-widget-wrap elementor-element-populated\">\n\t\t\t\t\t\t<div class=\"elementor-element elementor-element-447eb7c elementor-button-info elementor-align-center elementor-widget elementor-widget-button\" data-id=\"447eb7c\" data-element_type=\"widget\" data-e-type=\"widget\" data-widget_type=\"button.default\">\n\t\t\t\t<div class=\"elementor-widget-container\">\n\t\t\t\t\t\t\t\t\t<div class=\"elementor-button-wrapper\">\n\t\t\t\t\t<a class=\"elementor-button elementor-button-link elementor-size-md\" href=\"https:\/\/souslesmainsdelumie-reflexologie.fr\/index.php\/mon-parcours\/\">\n\t\t\t\t\t\t<span class=\"elementor-button-content-wrapper\">\n\t\t\t\t\t\t<span class=\"elementor-button-icon\">\n\t\t\t\t\t\t\t\t\t<i class=\"fa fa-arrow-circle-right\" aria-hidden=\"true\"><\/i>\n\t\t\t\t\t\t\t<\/span>\n\t\t\t\t\t\t\t\t\t<span class=\"elementor-button-text\">Mon parcours<\/span>\n\t\t\t\t\t<\/span>\n\t\t\t\t\t<\/a>\n\t\t\t\t<\/div>\n\t\t\t\t\t\t\t\t<\/div>\n\t\t\t\t<\/div>\n\t\t\t\t\t<\/div>\n\t\t<\/div>\n\t\t\t\t<div class=\"elementor-column elementor-col-50 elementor-top-column elementor-element elementor-element-3a680e1\" data-id=\"3a680e1\" data-element_type=\"column\" data-e-type=\"column\">\n\t\t\t<div class=\"elementor-widget-wrap elementor-element-populated\">\n\t\t\t\t\t\t<div class=\"elementor-element elementor-element-301123d elementor-button-info elementor-align-center elementor-widget elementor-widget-button\" data-id=\"301123d\" data-element_type=\"widget\" data-e-type=\"widget\" data-widget_type=\"button.default\">\n\t\t\t\t<div class=\"elementor-widget-container\">\n\t\t\t\t\t\t\t\t\t<div class=\"elementor-button-wrapper\">\n\t\t\t\t\t<a class=\"elementor-button elementor-button-link elementor-size-md\" href=\"https:\/\/souslesmainsdelumie-reflexologie.fr\/index.php\/mes-valeurs\/\">\n\t\t\t\t\t\t<span class=\"elementor-button-content-wrapper\">\n\t\t\t\t\t\t<span class=\"elementor-button-icon\">\n\t\t\t\t\t\t\t\t\t<i class=\"fa fa-arrow-circle-right\" aria-hidden=\"true\"><\/i>\n\t\t\t\t\t\t\t<\/span>\n\t\t\t\t\t\t\t\t\t<span class=\"elementor-button-text\">Mes valeurs<\/span>\n\t\t\t\t\t<\/span>\n\t\t\t\t\t<\/a>\n\t\t\t\t<\/div>\n\t\t\t\t\t\t\t\t<\/div>\n\t\t\t\t<\/div>\n\t\t\t\t\t<\/div>\n\t\t<\/div>\n\t\t\t\t\t<\/div>\n\t\t<\/section>\n\t\t\t\t<\/div>\n\t\t","protected":false},"excerpt":{"rendered":"<p>Qui suis-je? Je suis praticienne en multi r\u00e9flexologies faciale et plantaire, ainsi qu&rsquo;en massage-bien-\u00eatre californien, amma et pratiques \u00e9nerg\u00e9tiques. J&rsquo;ai \u00e9t\u00e9 form\u00e9e au centre France R\u00e9flexologie &#8211; XO Campus \u00e0 Bron (69500) en 2016 en r\u00e9flexologie et en massage californien. Afin de conna\u00eetre mes aspirations dans le domaine du bien-\u00eatre, je vous invite \u00e0 aller sur la rubrique \u00ab\u00a0mon parcours\u00a0\u00bb \u00ab\u00a0mes valeurs\u00a0\u00bb\u00a0 Mon parcours Mes valeurs<\/p>\n","protected":false},"author":1,"featured_media":0,"parent":0,"menu_order":0,"comment_status":"closed","ping_status":"closed","template":"elementor_header_footer","meta":{"_eb_attr":"","_monsterinsights_skip_tracking":false,"_monsterinsights_sitenote_active":false,"_monsterinsights_sitenote_note":"","_monsterinsights_sitenote_category":0,"footnotes":""},"class_list":["post-11","page","type-page","status-publish","hentry"],"yoast_head":"<!-- This site is optimized with the Yoast SEO plugin v25.5 - https:\/\/yoast.com\/wordpress\/plugins\/seo\/ -->\n<title>Qui suis-je ? - Sous les mains de Lumie<\/title>\n<meta name=\"robots\" content=\"index, follow, max-snippet:-1, max-image-preview:large, max-video-preview:-1\" \/>\n<link rel=\"canonical\" href=\"https:\/\/souslesmainsdelumie-reflexologie.fr\/index.php\/qui-suis-je\/\" \/>\n<meta property=\"og:locale\" content=\"fr_FR\" \/>\n<meta property=\"og:type\" content=\"article\" \/>\n<meta property=\"og:title\" content=\"Qui suis-je ? - Sous les mains de Lumie\" \/>\n<meta property=\"og:description\" content=\"Qui suis-je? Je suis praticienne en multi r\u00e9flexologies faciale et plantaire, ainsi qu&rsquo;en massage-bien-\u00eatre californien, amma et pratiques \u00e9nerg\u00e9tiques. J&rsquo;ai \u00e9t\u00e9 form\u00e9e au centre France R\u00e9flexologie &#8211; XO Campus \u00e0 Bron (69500) en 2016 en r\u00e9flexologie et en massage californien. Afin de conna\u00eetre mes aspirations dans le domaine du bien-\u00eatre, je vous invite \u00e0 aller sur la rubrique \u00ab\u00a0mon parcours\u00a0\u00bb \u00ab\u00a0mes valeurs\u00a0\u00bb\u00a0 Mon parcours Mes valeurs\" \/>\n<meta property=\"og:url\" content=\"https:\/\/souslesmainsdelumie-reflexologie.fr\/index.php\/qui-suis-je\/\" \/>\n<meta property=\"og:site_name\" content=\"Sous les mains de Lumie\" \/>\n<meta property=\"article:modified_time\" content=\"2022-10-25T08:38:38+00:00\" \/>\n<meta property=\"og:image\" content=\"https:\/\/souslesmainsdelumie-reflexologie.fr\/wp-content\/uploads\/2019\/02\/DSC_2757-300x200.jpg\" \/>\n<meta name=\"twitter:card\" content=\"summary_large_image\" \/>\n<meta name=\"twitter:label1\" content=\"Dur\u00e9e de lecture estim\u00e9e\" \/>\n\t<meta name=\"twitter:data1\" content=\"1 minute\" \/>\n<script type=\"application\/ld+json\" class=\"yoast-schema-graph\">{\"@context\":\"https:\/\/schema.org\",\"@graph\":[{\"@type\":\"WebPage\",\"@id\":\"https:\/\/souslesmainsdelumie-reflexologie.fr\/index.php\/qui-suis-je\/\",\"url\":\"https:\/\/souslesmainsdelumie-reflexologie.fr\/index.php\/qui-suis-je\/\",\"name\":\"Qui suis-je ? - Sous les mains de Lumie\",\"isPartOf\":{\"@id\":\"https:\/\/souslesmainsdelumie-reflexologie.fr\/#website\"},\"primaryImageOfPage\":{\"@id\":\"https:\/\/souslesmainsdelumie-reflexologie.fr\/index.php\/qui-suis-je\/#primaryimage\"},\"image\":{\"@id\":\"https:\/\/souslesmainsdelumie-reflexologie.fr\/index.php\/qui-suis-je\/#primaryimage\"},\"thumbnailUrl\":\"https:\/\/souslesmainsdelumie-reflexologie.fr\/wp-content\/uploads\/2019\/02\/DSC_2757-300x200.jpg\",\"datePublished\":\"2018-12-18T09:58:59+00:00\",\"dateModified\":\"2022-10-25T08:38:38+00:00\",\"breadcrumb\":{\"@id\":\"https:\/\/souslesmainsdelumie-reflexologie.fr\/index.php\/qui-suis-je\/#breadcrumb\"},\"inLanguage\":\"fr-FR\",\"potentialAction\":[{\"@type\":\"ReadAction\",\"target\":[\"https:\/\/souslesmainsdelumie-reflexologie.fr\/index.php\/qui-suis-je\/\"]}]},{\"@type\":\"ImageObject\",\"inLanguage\":\"fr-FR\",\"@id\":\"https:\/\/souslesmainsdelumie-reflexologie.fr\/index.php\/qui-suis-je\/#primaryimage\",\"url\":\"https:\/\/souslesmainsdelumie-reflexologie.fr\/wp-content\/uploads\/2019\/02\/DSC_2757.jpg\",\"contentUrl\":\"https:\/\/souslesmainsdelumie-reflexologie.fr\/wp-content\/uploads\/2019\/02\/DSC_2757.jpg\",\"width\":2500,\"height\":1664},{\"@type\":\"BreadcrumbList\",\"@id\":\"https:\/\/souslesmainsdelumie-reflexologie.fr\/index.php\/qui-suis-je\/#breadcrumb\",\"itemListElement\":[{\"@type\":\"ListItem\",\"position\":1,\"name\":\"Accueil\",\"item\":\"https:\/\/souslesmainsdelumie-reflexologie.fr\/\"},{\"@type\":\"ListItem\",\"position\":2,\"name\":\"Qui suis-je ?\"}]},{\"@type\":\"WebSite\",\"@id\":\"https:\/\/souslesmainsdelumie-reflexologie.fr\/#website\",\"url\":\"https:\/\/souslesmainsdelumie-reflexologie.fr\/\",\"name\":\"Sous les mains de Lumie\",\"description\":\"r\u00e9flexologie plantaire\",\"potentialAction\":[{\"@type\":\"SearchAction\",\"target\":{\"@type\":\"EntryPoint\",\"urlTemplate\":\"https:\/\/souslesmainsdelumie-reflexologie.fr\/?s={search_term_string}\"},\"query-input\":{\"@type\":\"PropertyValueSpecification\",\"valueRequired\":true,\"valueName\":\"search_term_string\"}}],\"inLanguage\":\"fr-FR\"}]}<\/script>\n<!-- \/ Yoast SEO plugin. -->","yoast_head_json":{"title":"Qui suis-je ? - Sous les mains de Lumie","robots":{"index":"index","follow":"follow","max-snippet":"max-snippet:-1","max-image-preview":"max-image-preview:large","max-video-preview":"max-video-preview:-1"},"canonical":"https:\/\/souslesmainsdelumie-reflexologie.fr\/index.php\/qui-suis-je\/","og_locale":"fr_FR","og_type":"article","og_title":"Qui suis-je ? - Sous les mains de Lumie","og_description":"Qui suis-je? Je suis praticienne en multi r\u00e9flexologies faciale et plantaire, ainsi qu&rsquo;en massage-bien-\u00eatre californien, amma et pratiques \u00e9nerg\u00e9tiques. J&rsquo;ai \u00e9t\u00e9 form\u00e9e au centre France R\u00e9flexologie &#8211; XO Campus \u00e0 Bron (69500) en 2016 en r\u00e9flexologie et en massage californien. Afin de conna\u00eetre mes aspirations dans le domaine du bien-\u00eatre, je vous invite \u00e0 aller sur la rubrique \u00ab\u00a0mon parcours\u00a0\u00bb \u00ab\u00a0mes valeurs\u00a0\u00bb\u00a0 Mon parcours Mes valeurs","og_url":"https:\/\/souslesmainsdelumie-reflexologie.fr\/index.php\/qui-suis-je\/","og_site_name":"Sous les mains de Lumie","article_modified_time":"2022-10-25T08:38:38+00:00","og_image":[{"url":"https:\/\/souslesmainsdelumie-reflexologie.fr\/wp-content\/uploads\/2019\/02\/DSC_2757-300x200.jpg","type":"","width":"","height":""}],"twitter_card":"summary_large_image","twitter_misc":{"Dur\u00e9e de lecture estim\u00e9e":"1 minute"},"schema":{"@context":"https:\/\/schema.org","@graph":[{"@type":"WebPage","@id":"https:\/\/souslesmainsdelumie-reflexologie.fr\/index.php\/qui-suis-je\/","url":"https:\/\/souslesmainsdelumie-reflexologie.fr\/index.php\/qui-suis-je\/","name":"Qui suis-je ? - Sous les mains de Lumie","isPartOf":{"@id":"https:\/\/souslesmainsdelumie-reflexologie.fr\/#website"},"primaryImageOfPage":{"@id":"https:\/\/souslesmainsdelumie-reflexologie.fr\/index.php\/qui-suis-je\/#primaryimage"},"image":{"@id":"https:\/\/souslesmainsdelumie-reflexologie.fr\/index.php\/qui-suis-je\/#primaryimage"},"thumbnailUrl":"https:\/\/souslesmainsdelumie-reflexologie.fr\/wp-content\/uploads\/2019\/02\/DSC_2757-300x200.jpg","datePublished":"2018-12-18T09:58:59+00:00","dateModified":"2022-10-25T08:38:38+00:00","breadcrumb":{"@id":"https:\/\/souslesmainsdelumie-reflexologie.fr\/index.php\/qui-suis-je\/#breadcrumb"},"inLanguage":"fr-FR","potentialAction":[{"@type":"ReadAction","target":["https:\/\/souslesmainsdelumie-reflexologie.fr\/index.php\/qui-suis-je\/"]}]},{"@type":"ImageObject","inLanguage":"fr-FR","@id":"https:\/\/souslesmainsdelumie-reflexologie.fr\/index.php\/qui-suis-je\/#primaryimage","url":"https:\/\/souslesmainsdelumie-reflexologie.fr\/wp-content\/uploads\/2019\/02\/DSC_2757.jpg","contentUrl":"https:\/\/souslesmainsdelumie-reflexologie.fr\/wp-content\/uploads\/2019\/02\/DSC_2757.jpg","width":2500,"height":1664},{"@type":"BreadcrumbList","@id":"https:\/\/souslesmainsdelumie-reflexologie.fr\/index.php\/qui-suis-je\/#breadcrumb","itemListElement":[{"@type":"ListItem","position":1,"name":"Accueil","item":"https:\/\/souslesmainsdelumie-reflexologie.fr\/"},{"@type":"ListItem","position":2,"name":"Qui suis-je ?"}]},{"@type":"WebSite","@id":"https:\/\/souslesmainsdelumie-reflexologie.fr\/#website","url":"https:\/\/souslesmainsdelumie-reflexologie.fr\/","name":"Sous les mains de Lumie","description":"r\u00e9flexologie plantaire","potentialAction":[{"@type":"SearchAction","target":{"@type":"EntryPoint","urlTemplate":"https:\/\/souslesmainsdelumie-reflexologie.fr\/?s={search_term_string}"},"query-input":{"@type":"PropertyValueSpecification","valueRequired":true,"valueName":"search_term_string"}}],"inLanguage":"fr-FR"}]}},"_links":{"self":[{"href":"https:\/\/souslesmainsdelumie-reflexologie.fr\/index.php\/wp-json\/wp\/v2\/pages\/11"}],"collection":[{"href":"https:\/\/souslesmainsdelumie-reflexologie.fr\/index.php\/wp-json\/wp\/v2\/pages"}],"about":[{"href":"https:\/\/souslesmainsdelumie-reflexologie.fr\/index.php\/wp-json\/wp\/v2\/types\/page"}],"author":[{"embeddable":true,"href":"https:\/\/souslesmainsdelumie-reflexologie.fr\/index.php\/wp-json\/wp\/v2\/users\/1"}],"replies":[{"embeddable":true,"href":"https:\/\/souslesmainsdelumie-reflexologie.fr\/index.php\/wp-json\/wp\/v2\/comments?post=11"}],"version-history":[{"count":21,"href":"https:\/\/souslesmainsdelumie-reflexologie.fr\/index.php\/wp-json\/wp\/v2\/pages\/11\/revisions"}],"predecessor-version":[{"id":1430,"href":"https:\/\/souslesmainsdelumie-reflexologie.fr\/index.php\/wp-json\/wp\/v2\/pages\/11\/revisions\/1430"}],"wp:attachment":[{"href":"https:\/\/souslesmainsdelumie-reflexologie.fr\/index.php\/wp-json\/wp\/v2\/media?parent=11"}],"curies":[{"name":"wp","href":"https:\/\/api.w.org\/{rel}","templated":true}]}}